{"id":290,"date":"2016-08-22T12:50:13","date_gmt":"2016-08-22T10:50:13","guid":{"rendered":"http:\/\/plasmaiq.pl\/?page_id=290"},"modified":"2022-04-27T22:17:47","modified_gmt":"2022-04-27T20:17:47","slug":"efekty-przed-i-po","status":"publish","type":"page","link":"https:\/\/plasmaiq.pl\/index.php\/efekty-przed-i-po\/","title":{"rendered":"EFEKTY PRZED I PO"},"content":{"rendered":"<div class=\"wpb-content-wrapper\"><p>[vc_row][vc_column][vc_empty_space height=&#8221;25px&#8221;][\/vc_column][\/vc_row][vc_row el_class=&#8221;effects-section&#8221;][vc_column width=&#8221;1\/2&#8243;][vc_custom_heading text=&#8221;ZNAMI\u0118&#8221; font_container=&#8221;tag:h4|text_align:center&#8221; google_fonts=&#8221;font_family:Lato%3A100%2C100italic%2C300%2C300italic%2Cregular%2Citalic%2C700%2C700italic%2C900%2C900italic|font_style:400%20regular%3A400%3Anormal&#8221;][vc_row_inner][vc_column_inner width=&#8221;1\/2&#8243;][vc_single_image image=&#8221;365&#8243; img_size=&#8221;full&#8221; alignment=&#8221;center&#8221; css=&#8221;.vc_custom_1471879442043{margin-bottom: 0px !important;}&#8221;][vc_column_text css=&#8221;.vc_custom_1471860433586{padding-top: 10px !important;padding-right: 20px !important;padding-bottom: 10px !important;padding-left: 20px !important;background-color: #98847d !important;}&#8221; el_class=&#8221;desc&#8221;]PRZED[\/vc_column_text][\/vc_column_inner][vc_column_inner width=&#8221;1\/2&#8243;][vc_single_image image=&#8221;381&#8243; img_size=&#8221;full&#8221; alignment=&#8221;center&#8221; css=&#8221;.vc_custom_1471881376298{margin-bottom: 0px !important;}&#8221;][vc_column_text el_class=&#8221;desc&#8221; css=&#8221;.vc_custom_1471860478802{padding-top: 10px !important;padding-right: 20px !important;padding-bottom: 10px !important;padding-left: 20px !important;background-color: #98847d !important;}&#8221;]PO[\/vc_column_text][\/vc_column_inner][\/vc_row_inner][\/vc_column][vc_column width=&#8221;1\/2&#8243;][vc_custom_heading text=&#8221;ZNAMI\u0118&#8221; font_container=&#8221;tag:h4|text_align:center&#8221; google_fonts=&#8221;font_family:Lato%3A100%2C100italic%2C300%2C300italic%2Cregular%2Citalic%2C700%2C700italic%2C900%2C900italic|font_style:400%20regular%3A400%3Anormal&#8221;][vc_row_inner][vc_column_inner width=&#8221;1\/2&#8243;][vc_single_image image=&#8221;371&#8243; img_size=&#8221;full&#8221; alignment=&#8221;center&#8221; css=&#8221;.vc_custom_1471880427137{margin-bottom: 0px !important;}&#8221;][vc_column_text el_class=&#8221;desc&#8221; css=&#8221;.vc_custom_1471860492170{padding-top: 10px !important;padding-right: 20px !important;padding-bottom: 10px !important;padding-left: 20px !important;background-color: #98847d !important;}&#8221;]PRZED[\/vc_column_text][\/vc_column_inner][vc_column_inner width=&#8221;1\/2&#8243;][vc_single_image image=&#8221;372&#8243; img_size=&#8221;full&#8221; alignment=&#8221;center&#8221; css=&#8221;.vc_custom_1471880519754{margin-bottom: 0px !important;}&#8221;][vc_column_text el_class=&#8221;desc&#8221; css=&#8221;.vc_custom_1471860506777{padding-top: 10px !important;padding-right: 20px !important;padding-bottom: 10px !important;padding-left: 20px !important;background-color: #98847d !important;}&#8221;]PO[\/vc_column_text][\/vc_column_inner][\/vc_row_inner][\/vc_column][\/vc_row][vc_row el_class=&#8221;effects-section&#8221;][vc_column width=&#8221;1\/2&#8243;][vc_custom_heading text=&#8221;BRZUCH&#8221; font_container=&#8221;tag:h4|text_align:center&#8221; google_fonts=&#8221;font_family:Lato%3A100%2C100italic%2C300%2C300italic%2Cregular%2Citalic%2C700%2C700italic%2C900%2C900italic|font_style:400%20regular%3A400%3Anormal&#8221;][vc_row_inner][vc_column_inner width=&#8221;1\/2&#8243;][vc_single_image image=&#8221;369&#8243; img_size=&#8221;full&#8221; alignment=&#8221;center&#8221; css=&#8221;.vc_custom_1471880148631{margin-bottom: 0px !important;}&#8221;][vc_column_text css=&#8221;.vc_custom_1471860433586{padding-top: 10px !important;padding-right: 20px !important;padding-bottom: 10px !important;padding-left: 20px !important;background-color: #98847d !important;}&#8221; el_class=&#8221;desc&#8221;]PRZED[\/vc_column_text][\/vc_column_inner][vc_column_inner width=&#8221;1\/2&#8243;][vc_single_image image=&#8221;370&#8243; img_size=&#8221;full&#8221; alignment=&#8221;center&#8221; css=&#8221;.vc_custom_1471880241716{margin-bottom: 0px !important;}&#8221;][vc_column_text el_class=&#8221;desc&#8221; css=&#8221;.vc_custom_1471860478802{padding-top: 10px !important;padding-right: 20px !important;padding-bottom: 10px !important;padding-left: 20px !important;background-color: #98847d !important;}&#8221;]PO[\/vc_column_text][\/vc_column_inner][\/vc_row_inner][\/vc_column][vc_column width=&#8221;1\/2&#8243;][vc_custom_heading text=&#8221;W\u0141\u00d3KNIAK USZYPU\u0141KOWANY &#8221; font_container=&#8221;tag:h4|text_align:center&#8221; google_fonts=&#8221;font_family:Lato%3A100%2C100italic%2C300%2C300italic%2Cregular%2Citalic%2C700%2C700italic%2C900%2C900italic|font_style:400%20regular%3A400%3Anormal&#8221;][vc_row_inner][vc_column_inner width=&#8221;1\/2&#8243;][vc_single_image image=&#8221;367&#8243; img_size=&#8221;full&#8221; alignment=&#8221;center&#8221; css=&#8221;.vc_custom_1471879888906{margin-bottom: 0px !important;}&#8221;][vc_column_text el_class=&#8221;desc&#8221; css=&#8221;.vc_custom_1471860492170{padding-top: 10px !important;padding-right: 20px !important;padding-bottom: 10px !important;padding-left: 20px !important;background-color: #98847d !important;}&#8221;]PRZED[\/vc_column_text][\/vc_column_inner][vc_column_inner width=&#8221;1\/2&#8243;][vc_single_image image=&#8221;368&#8243; img_size=&#8221;full&#8221; alignment=&#8221;center&#8221; css=&#8221;.vc_custom_1471879992785{margin-bottom: 0px !important;}&#8221;][vc_column_text el_class=&#8221;desc&#8221; css=&#8221;.vc_custom_1471860506777{padding-top: 10px !important;padding-right: 20px !important;padding-bottom: 10px !important;padding-left: 20px !important;background-color: #98847d !important;}&#8221;]PO[\/vc_column_text][\/vc_column_inner][\/vc_row_inner][\/vc_column][\/vc_row][vc_row el_class=&#8221;effects-section&#8221;][vc_column width=&#8221;1\/2&#8243;][vc_custom_heading text=&#8221;BRODAWKI \u0141OJOTOKOWE&#8221; font_container=&#8221;tag:h4|text_align:center&#8221; google_fonts=&#8221;font_family:Lato%3A100%2C100italic%2C300%2C300italic%2Cregular%2Citalic%2C700%2C700italic%2C900%2C900italic|font_style:400%20regular%3A400%3Anormal&#8221;][vc_row_inner][vc_column_inner width=&#8221;1\/2&#8243;][vc_single_image image=&#8221;373&#8243; img_size=&#8221;full&#8221; alignment=&#8221;center&#8221; css=&#8221;.vc_custom_1471880632877{margin-bottom: 0px !important;}&#8221;][vc_column_text css=&#8221;.vc_custom_1471860433586{padding-top: 10px !important;padding-right: 20px !important;padding-bottom: 10px !important;padding-left: 20px !important;background-color: #98847d !important;}&#8221; el_class=&#8221;desc&#8221;]PRZED[\/vc_column_text][\/vc_column_inner][vc_column_inner width=&#8221;1\/2&#8243;][vc_single_image image=&#8221;374&#8243; img_size=&#8221;full&#8221; alignment=&#8221;center&#8221; css=&#8221;.vc_custom_1471880775323{margin-bottom: 0px !important;}&#8221;][vc_column_text el_class=&#8221;desc&#8221; css=&#8221;.vc_custom_1471860478802{padding-top: 10px !important;padding-right: 20px !important;padding-bottom: 10px !important;padding-left: 20px !important;background-color: #98847d !important;}&#8221;]PO[\/vc_column_text][\/vc_column_inner][\/vc_row_inner][\/vc_column][vc_column width=&#8221;1\/2&#8243;][vc_custom_heading text=&#8221;K\u0118PKI \u017b\u00d3\u0141TE&#8221; font_container=&#8221;tag:h4|text_align:center&#8221; google_fonts=&#8221;font_family:Lato%3A100%2C100italic%2C300%2C300italic%2Cregular%2Citalic%2C700%2C700italic%2C900%2C900italic|font_style:400%20regular%3A400%3Anormal&#8221;][vc_row_inner][vc_column_inner width=&#8221;1\/2&#8243;][vc_single_image image=&#8221;375&#8243; img_size=&#8221;full&#8221; alignment=&#8221;center&#8221; css=&#8221;.vc_custom_1471880866107{margin-bottom: 0px !important;}&#8221;][vc_column_text el_class=&#8221;desc&#8221; css=&#8221;.vc_custom_1471860492170{padding-top: 10px !important;padding-right: 20px !important;padding-bottom: 10px !important;padding-left: 20px !important;background-color: #98847d !important;}&#8221;]PRZED[\/vc_column_text][\/vc_column_inner][vc_column_inner width=&#8221;1\/2&#8243;][vc_single_image image=&#8221;376&#8243; img_size=&#8221;full&#8221; alignment=&#8221;center&#8221; css=&#8221;.vc_custom_1471880964961{margin-bottom: 0px !important;}&#8221;][vc_column_text el_class=&#8221;desc&#8221; css=&#8221;.vc_custom_1471860506777{padding-top: 10px !important;padding-right: 20px !important;padding-bottom: 10px !important;padding-left: 20px !important;background-color: #98847d !important;}&#8221;]PO[\/vc_column_text][\/vc_column_inner][\/vc_row_inner][\/vc_column][\/vc_row][vc_row el_class=&#8221;effects-section&#8221;][vc_column width=&#8221;1\/2&#8243;][vc_custom_heading text=&#8221;LIFTING POWIEK&#8221; font_container=&#8221;tag:h4|text_align:center&#8221; google_fonts=&#8221;font_family:Lato%3A100%2C100italic%2C300%2C300italic%2Cregular%2Citalic%2C700%2C700italic%2C900%2C900italic|font_style:400%20regular%3A400%3Anormal&#8221;][vc_row_inner][vc_column_inner width=&#8221;1\/2&#8243;][vc_single_image image=&#8221;377&#8243; img_size=&#8221;full&#8221; alignment=&#8221;center&#8221; css=&#8221;.vc_custom_1471881091606{margin-bottom: 0px !important;}&#8221;][vc_column_text css=&#8221;.vc_custom_1471860433586{padding-top: 10px !important;padding-right: 20px !important;padding-bottom: 10px !important;padding-left: 20px !important;background-color: #98847d !important;}&#8221; el_class=&#8221;desc&#8221;]PRZED[\/vc_column_text][\/vc_column_inner][vc_column_inner width=&#8221;1\/2&#8243;][vc_single_image image=&#8221;378&#8243; img_size=&#8221;full&#8221; alignment=&#8221;center&#8221; css=&#8221;.vc_custom_1471881153878{margin-bottom: 0px !important;}&#8221;][vc_column_text el_class=&#8221;desc&#8221; css=&#8221;.vc_custom_1471860478802{padding-top: 10px !important;padding-right: 20px !important;padding-bottom: 10px !important;padding-left: 20px !important;background-color: #98847d !important;}&#8221;]PO[\/vc_column_text][\/vc_column_inner][\/vc_row_inner][\/vc_column][vc_column width=&#8221;1\/2&#8243;][vc_custom_heading text=&#8221;ZMARSZCZKI PALACZA&#8221; font_container=&#8221;tag:h4|text_align:center&#8221; google_fonts=&#8221;font_family:Lato%3A100%2C100italic%2C300%2C300italic%2Cregular%2Citalic%2C700%2C700italic%2C900%2C900italic|font_style:400%20regular%3A400%3Anormal&#8221;][vc_row_inner][vc_column_inner width=&#8221;1\/2&#8243;][vc_single_image image=&#8221;379&#8243; img_size=&#8221;full&#8221; alignment=&#8221;center&#8221; css=&#8221;.vc_custom_1471881212757{margin-bottom: 0px !important;}&#8221;][vc_column_text el_class=&#8221;desc&#8221; css=&#8221;.vc_custom_1471860492170{padding-top: 10px !important;padding-right: 20px !important;padding-bottom: 10px !important;padding-left: 20px !important;background-color: #98847d !important;}&#8221;]PRZED[\/vc_column_text][\/vc_column_inner][vc_column_inner width=&#8221;1\/2&#8243;][vc_single_image image=&#8221;380&#8243; img_size=&#8221;full&#8221; alignment=&#8221;center&#8221; css=&#8221;.vc_custom_1471881269517{margin-bottom: 0px !important;}&#8221;][vc_column_text el_class=&#8221;desc&#8221; css=&#8221;.vc_custom_1471860506777{padding-top: 10px !important;padding-right: 20px !important;padding-bottom: 10px !important;padding-left: 20px !important;background-color: #98847d !important;}&#8221;]PO[\/vc_column_text][\/vc_column_inner][\/vc_row_inner][\/vc_column][\/vc_row][vc_row el_class=&#8221;effects-section&#8221;][vc_column width=&#8221;1\/2&#8243;][vc_custom_heading text=&#8221;LIFTING POWIEK&#8221; font_container=&#8221;tag:h4|text_align:center&#8221; google_fonts=&#8221;font_family:Lato%3A100%2C100italic%2C300%2C300italic%2Cregular%2Citalic%2C700%2C700italic%2C900%2C900italic|font_style:400%20regular%3A400%3Anormal&#8221;][vc_row_inner][vc_column_inner width=&#8221;1\/2&#8243;][vc_single_image image=&#8221;443&#8243; img_size=&#8221;full&#8221; alignment=&#8221;center&#8221; css=&#8221;.vc_custom_1478775342464{margin-bottom: 0px !important;}&#8221;][vc_column_text css=&#8221;.vc_custom_1471860433586{padding-top: 10px !important;padding-right: 20px !important;padding-bottom: 10px !important;padding-left: 20px !important;background-color: #98847d !important;}&#8221; el_class=&#8221;desc&#8221;]PRZED[\/vc_column_text][\/vc_column_inner][vc_column_inner width=&#8221;1\/2&#8243;][vc_single_image image=&#8221;444&#8243; img_size=&#8221;full&#8221; alignment=&#8221;center&#8221; css=&#8221;.vc_custom_1478775412502{margin-bottom: 0px !important;}&#8221;][vc_column_text el_class=&#8221;desc&#8221; css=&#8221;.vc_custom_1471860478802{padding-top: 10px !important;padding-right: 20px !important;padding-bottom: 10px !important;padding-left: 20px !important;background-color: #98847d !important;}&#8221;]PO[\/vc_column_text][\/vc_column_inner][\/vc_row_inner][\/vc_column][vc_column width=&#8221;1\/2&#8243;][vc_custom_heading text=&#8221;LIFTING POWIEK&#8221; font_container=&#8221;tag:h4|text_align:center&#8221; google_fonts=&#8221;font_family:Lato%3A100%2C100italic%2C300%2C300italic%2Cregular%2Citalic%2C700%2C700italic%2C900%2C900italic|font_style:400%20regular%3A400%3Anormal&#8221;][vc_row_inner][vc_column_inner width=&#8221;1\/2&#8243;][vc_single_image image=&#8221;448&#8243; img_size=&#8221;full&#8221; alignment=&#8221;center&#8221; css=&#8221;.vc_custom_1479928701516{margin-bottom: 0px !important;}&#8221;][vc_column_text css=&#8221;.vc_custom_1471860433586{padding-top: 10px !important;padding-right: 20px !important;padding-bottom: 10px !important;padding-left: 20px !important;background-color: #98847d !important;}&#8221; el_class=&#8221;desc&#8221;]PRZED[\/vc_column_text][\/vc_column_inner][vc_column_inner width=&#8221;1\/2&#8243;][vc_single_image image=&#8221;449&#8243; img_size=&#8221;full&#8221; alignment=&#8221;center&#8221; css=&#8221;.vc_custom_1479928851973{margin-bottom: 0px !important;}&#8221;][vc_column_text el_class=&#8221;desc&#8221; css=&#8221;.vc_custom_1471860478802{padding-top: 10px !important;padding-right: 20px !important;padding-bottom: 10px !important;padding-left: 20px !important;background-color: #98847d !important;}&#8221;]PO[\/vc_column_text][\/vc_column_inner][\/vc_row_inner][\/vc_column][\/vc_row]<\/p>\n<\/div>","protected":false},"excerpt":{"rendered":"<p>[vc_row][vc_column][vc_empty_space height=&#8221;25px&#8221;][\/vc_column][\/vc_row][vc_row el_class=&#8221;effects-section&#8221;][vc_column width=&#8221;1\/2&#8243;][vc_custom_heading text=&#8221;ZNAMI\u0118&#8221; font_container=&#8221;tag:h4|text_align:center&#8221; google_fonts=&#8221;font_family:Lato%3A100%2C100italic%2C300%2C300italic%2Cregular%2Citalic%2C700%2C700italic%2C900%2C900italic|font_style:400%20regular%3A400%3Anormal&#8221;][vc_row_inner][vc_column_inner width=&#8221;1\/2&#8243;][vc_single_image image=&#8221;365&#8243; img_size=&#8221;full&#8221; alignment=&#8221;center&#8221; css=&#8221;.vc_custom_1471879442043{margin-bottom: 0px !important;}&#8221;][vc_column_text css=&#8221;.vc_custom_1471860433586{padding-top: 10px !important;padding-right: 20px !important;padding-bottom: 10px !important;padding-left: 20px !important;background-color: #98847d !important;}&#8221; el_class=&#8221;desc&#8221;]PRZED[\/vc_column_text][\/vc_column_inner][vc_column_inner<span class=\"excerpt-hellip\"> [\u2026]<\/span><\/p>\n","protected":false},"author":3,"featured_media":0,"parent":0,"menu_order":0,"comment_status":"closed","ping_status":"closed","template":"","meta":{"footnotes":""},"class_list":["post-290","page","type-page","status-publish","hentry"],"_links":{"self":[{"href":"https:\/\/plasmaiq.pl\/index.php\/wp-json\/wp\/v2\/pages\/290","targetHints":{"allow":["GET"]}}],"collection":[{"href":"https:\/\/plasmaiq.pl\/index.php\/wp-json\/wp\/v2\/pages"}],"about":[{"href":"https:\/\/plasmaiq.pl\/index.php\/wp-json\/wp\/v2\/types\/page"}],"author":[{"embeddable":true,"href":"https:\/\/plasmaiq.pl\/index.php\/wp-json\/wp\/v2\/users\/3"}],"replies":[{"embeddable":true,"href":"https:\/\/plasmaiq.pl\/index.php\/wp-json\/wp\/v2\/comments?post=290"}],"version-history":[{"count":24,"href":"https:\/\/plasmaiq.pl\/index.php\/wp-json\/wp\/v2\/pages\/290\/revisions"}],"predecessor-version":[{"id":450,"href":"https:\/\/plasmaiq.pl\/index.php\/wp-json\/wp\/v2\/pages\/290\/revisions\/450"}],"wp:attachment":[{"href":"https:\/\/plasmaiq.pl\/index.php\/wp-json\/wp\/v2\/media?parent=290"}],"curies":[{"name":"wp","href":"https:\/\/api.w.org\/{rel}","templated":true}]}}